{"id":3712,"date":"2024-10-23T15:07:10","date_gmt":"2024-10-23T15:07:10","guid":{"rendered":"https:\/\/www.fdiformacion.com\/?page_id=3712"},"modified":"2025-07-11T09:29:14","modified_gmt":"2025-07-11T09:29:14","slug":"avis-legal","status":"publish","type":"page","link":"https:\/\/www.fdiformacion.com\/ca\/avis-legal\/","title":{"rendered":"Av\u00eds legal"},"content":{"rendered":"<h2>Identificaci\u00f3 i Titularitat<\/h2>\n<p>En compliment de l&#8217;article 10 de la Llei 34\/2002, d&#8217;11 de juliol, de Serveis de la Societat de la Informaci\u00f3 i Comer\u00e7 Electr\u00f2nic, el Titular exposa les seues dades identificatives:<\/p>\n<ul>\n<li><strong>Titular: <\/strong>Fundaci\u00f3n para el Desarrollo y la Innovaci\u00f3n de la Comunitat Valenciana.<\/li>\n<li><strong>NIF:<\/strong> G96762448, inscrita en el Registre de Fundaci\u00f3 de Val\u00e8ncia amb n\u00famero 295-V<\/li>\n<li><strong>Domicili: <\/strong>FDI \u00c0rea de Formaci\u00f3, Pol\u00edgon Industrial s\/n, Almussafes, C.P. 46440, Val\u00e8ncia &#8211; Espanya.<\/li>\n<li><strong>Correu electr\u00f2nic:<\/strong> formacio@ford.com<\/li>\n<li><strong>Tel\u00e8fon de contacte:<\/strong> 961792038<\/li>\n<li><strong>Lloc web:<\/strong> <a href=\"https:\/\/www.fdiformacion.com\/ca\/\">https:\/\/www.fdiformacion.com<\/a><\/li>\n<\/ul>\n<h2>Condicions d&#8217;\u00das<\/h2>\n<p>La utilitzaci\u00f3 del Lloc Web li atorga la condici\u00f3 d&#8217;Usuari, i implica l&#8217;acceptaci\u00f3 completa de totes les cl\u00e0usules i condicions d&#8217;\u00fas incloses en les p\u00e0gines:<\/p>\n<ul>\n<li><a href=\"https:\/\/www.fdiformacion.com\/ca\/avis-legal\/\">Av\u00eds Legal<\/a><\/li>\n<li><a href=\"https:\/\/www.fdiformacion.com\/ca\/politica-de-privacitat\/\">Pol\u00edtica de Privacitat<\/a><\/li>\n<li><a href=\"https:\/\/www.fdiformacion.com\/ca\/politica-de-cookies\/\">Pol\u00edtica de Cookies<\/a><\/li>\n<\/ul>\n<p>Si no estiguera conforme amb totes i cadascuna d&#8217;aquestes cl\u00e0usules i condicions abstinga&#8217;s d&#8217;utilitzar el Lloc Web.<\/p>\n<p>L&#8217;acc\u00e9s al Lloc Web no suposa, de cap manera, l&#8217;inici d&#8217;una relaci\u00f3 comercial amb el Titular.<\/p>\n<p>A trav\u00e9s del Lloc Web, el Titular li facilita l&#8217;acc\u00e9s i la utilitzaci\u00f3 de diversos continguts que el Titular i\/o els seus col\u00b7laboradors han publicat per mitj\u00e0 d&#8217;Internet.<\/p>\n<p>A aquest efecte, est\u00e0 obligat i comprom\u00e9s a NO utilitzar qualsevol dels continguts del Lloc web amb finalitats o efectes il\u00b7l\u00edcits, prohibits en aquest Av\u00eds Legal o per la legislaci\u00f3 vigent, lesius dels drets i interessos de tercers, o que de qualsevol forma puguen danyar, inutilitzar, sobrecarregar, deteriorar o impedir la normal utilitzaci\u00f3 dels continguts, els equips inform\u00e0tics o els documents, arxius i tota classe de continguts emmagatzemats en qualsevol equip inform\u00e0tic propis o contractats pel Titular, d&#8217;altres usuaris o de qualsevol usuari d&#8217;Internet.<\/p>\n<h2>Mesures de seguretat<\/h2>\n<p>Les dades personals que facilite al Titular poden ser emmagatzemats en bases de dades automatitzades o no, la titularitat de les quals correspon en exclusiva al Titular, que assumeix totes les mesures d&#8217;\u00edndole t\u00e8cnica, organitzativa i de seguretat que garanteixen la confidencialitat, integritat i qualitat de la informaci\u00f3 continguda en les mateixes d&#8217;acord amb el que s&#8217;estableix en la normativa vigent en protecci\u00f3 de dades.<\/p>\n<p>No obstant aix\u00f2, ha de ser conscient que les mesures de seguretat dels sistemes inform\u00e0tics en Internet no s\u00f3n enterament fiables i que, per tant el Titular no pot garantir la inexist\u00e8ncia de virus o altres elements que puguen produir alteracions en els sistemes inform\u00e0tics (programari i maquinari) de l&#8217;Usuari o en els seus documents electr\u00f2nics i fitxers continguts en els mateixos encara que el Titular posa tots els mitjans necessaris i presa les mesures de seguretat oportunes per a evitar la pres\u00e8ncia d&#8217;aquests elements nocius.<\/p>\n<h2>Tractament de Dades Personals<\/h2>\n<p>Pot consultar tota la informaci\u00f3 relativa al tractament de dades personals que arreplega el Titular en la p\u00e0gina de <a href=\"https:\/\/www.fdiformacion.com\/ca\/politica-de-privacitat\/\">Pol\u00edtica de Privacitat<\/a>.<\/p>\n<h2>Continguts<\/h2>\n<p>El Titular ha obtingut la informaci\u00f3, el contingut multim\u00e8dia i els materials inclosos en el Lloc web de fonts que considera fiables, per\u00f2, si b\u00e9 ha pres totes les mesures raonables per a assegurar que la informaci\u00f3 continguda \u00e9s correcta, el Titular no garanteix que siga exacta, completa o actualitzada. El Titular declina expressament qualsevol responsabilitat per error o omissi\u00f3 en la informaci\u00f3 continguda en les p\u00e0gines del Lloc Web.<\/p>\n<p>Queda prohibit transmetre o enviar a trav\u00e9s del Lloc Web qualsevol contingut il\u00b7legal o il\u00b7l\u00edcit, virus inform\u00e0tics, o missatges que, en general, afecten o violen drets del Titular o de tercers.<\/p>\n<p>Els continguts del Lloc Web tenen \u00fanicament una finalitat informativa i sota cap circumst\u00e0ncia han d&#8217;usar-se ni considerar-se com a oferta de venda, sol\u00b7licitud d&#8217;una oferta de compra ni recomanaci\u00f3 per a realitzar qualsevol altra operaci\u00f3, llevat que aix\u00ed s&#8217;indique expressament.<\/p>\n<p>El Titular es reserva el dret a modificar, suspendre, cancel\u00b7lar o restringir el contingut del Lloc web, els vincles o la informaci\u00f3 obtinguda a trav\u00e9s del Lloc Web, sense necessitat de previ av\u00eds.<\/p>\n<p>El Titular no \u00e9s responsable dels danys i perjudicis que pogueren derivar-se de la utilitzaci\u00f3 de la informaci\u00f3 del Lloc Web.<\/p>\n<h2>Pol\u00edtica de cookies<\/h2>\n<p>Pot consultar tota la informaci\u00f3 relativa a la pol\u00edtica de recollida i tractament de les cookies en la p\u00e0gina de <a href=\"https:\/\/www.fdiformacion.com\/ca\/politica-de-cookies\/\">Pol\u00edtica de Cookies<\/a>.<\/p>\n<h2>Enlla\u00e7os a altres llocs Web<\/h2>\n<p>El Titular pot proporcionar-li acc\u00e9s a llocs Web de tercers mitjan\u00e7ant enlla\u00e7os amb la finalitat exclusiva d&#8217;informar sobre l&#8217;exist\u00e8ncia d&#8217;altres fonts d&#8217;informaci\u00f3 en Internet en les quals podr\u00e0 ampliar les dades oferides en el Lloc Web.<\/p>\n<p>Aquests enlla\u00e7os a altres llocs Web no suposen en cap cas un suggeriment o recomanaci\u00f3 perqu\u00e8 vost\u00e9 visite les p\u00e0gines web de dest\u00ed, que estan fora del control del Titular, per la qual cosa el Titular no \u00e9s responsable del contingut dels llocs web vinculats ni del resultat que obtinga en seguir els enlla\u00e7os. Aix\u00ed mateix, el Titular no respon dels links o enlla\u00e7os situats en els llocs web vinculats als quals li proporciona acc\u00e9s.<\/p>\n<p>L&#8217;establiment de l&#8217;enlla\u00e7 no implica en cap cas l&#8217;exist\u00e8ncia de relacions entre el Titular i el propietari del lloc en el qual s&#8217;establisca l&#8217;enlla\u00e7, ni l&#8217;acceptaci\u00f3 o aprovaci\u00f3 per part del Titular dels seus continguts o serveis.<\/p>\n<p>Si accedeix a un lloc web extern des d&#8217;un enlla\u00e7 que trobe en el Lloc web vost\u00e9 haur\u00e0 de llegir la pr\u00f2pia pol\u00edtica de privacitat de l&#8217;altre lloc web que pot ser diferent de la d&#8217;aquest lloc Web.<\/p>\n<h2>Propietat intel\u00b7lectual i industrial<\/h2>\n<p>Tots els drets estan reservats.<\/p>\n<p>Tot acc\u00e9s a aquest Lloc Web est\u00e0 subjecte a les seg\u00fcents condicions: la reproducci\u00f3, magatzematge permanent i la difusi\u00f3 dels continguts o qualsevol altre \u00fas que tinga finalitat p\u00fablica o comercial queda expressament prohibida sense el consentiment previ expr\u00e9s i per escrit del Titular.<\/p>\n<h2>Limitaci\u00f3 de responsabilitat<\/h2>\n<p>El Titular declina qualsevol responsabilitat en cas que existisquen interrupcions o un mal funcionament dels Serveis o continguts oferits en Internet, qualsevol que siga la seua causa. Aix\u00ed mateix, el Titular no es fa responsable per caigudes de la xarxa, p\u00e8rdues de negoci a conseq\u00fc\u00e8ncia d&#8217;aquestes caigudes, suspensions temporals de fluid el\u00e8ctric o qualsevol altre tipus de mal indirecte que et puga ser causat per causes alienes al Titular.<\/p>\n<p>Abans de prendre decisions i\/o accions amb base a la informaci\u00f3 inclosa en el Lloc Web, el Titular li recomana comprovar i contrastar la informaci\u00f3 rebuda amb altres fonts.<\/p>\n<h2>Jurisdicci\u00f3<\/h2>\n<p>Aquest <a href=\"https:\/\/www.fdiformacion.com\/ca\/avis-legal\/\">Av\u00eds Legal<\/a> es regeix \u00edntegrament per la legislaci\u00f3 espanyola.<\/p>\n<h2>Contacte<\/h2>\n<p>En cas que vost\u00e9 tinga qualsevol dubte sobre aquest Av\u00eds Legal o vulga realitzar qualsevol comentari sobre el Lloc Web, pot enviar un missatge de correu electr\u00f2nic a l&#8217;adre\u00e7a: formacio@ford.com<\/p>\n","protected":false},"excerpt":{"rendered":"<p>Identificaci\u00f3 i Titularitat En compliment de l&#8217;article 10 de la Llei 34\/2002, d&#8217;11 de juliol, de Serveis de la Societat de la Informaci\u00f3 i Comer\u00e7 Electr\u00f2nic, el Titular exposa les seues dades identificatives: Titular: Fundaci\u00f3n para el Desarrollo y la Innovaci\u00f3n de la Comunitat Valenciana. NIF: G96762448, inscrita en el Registre de Fundaci\u00f3 de Val\u00e8ncia [&hellip;]<\/p>\n","protected":false},"author":1,"featured_media":0,"parent":0,"menu_order":0,"comment_status":"closed","ping_status":"closed","template":"page-legal.php","meta":{"_acf_changed":false,"footnotes":""},"class_list":["post-3712","page","type-page","status-publish","hentry"],"acf":[],"yoast_head":"<!-- This site is optimized with the Yoast SEO plugin v25.9 - https:\/\/yoast.com\/wordpress\/plugins\/seo\/ -->\n<title>Av\u00eds legal - FDI<\/title>\n<meta name=\"robots\" content=\"index, follow, max-snippet:-1, max-image-preview:large, max-video-preview:-1\" \/>\n<link rel=\"canonical\" href=\"https:\/\/www.fdiformacion.com\/ca\/avis-legal\/\" \/>\n<meta property=\"og:locale\" content=\"ca_ES\" \/>\n<meta property=\"og:type\" content=\"article\" \/>\n<meta property=\"og:title\" content=\"Av\u00eds legal - FDI\" \/>\n<meta property=\"og:description\" content=\"Identificaci\u00f3 i Titularitat En compliment de l&#8217;article 10 de la Llei 34\/2002, d&#8217;11 de juliol, de Serveis de la Societat de la Informaci\u00f3 i Comer\u00e7 Electr\u00f2nic, el Titular exposa les seues dades identificatives: Titular: Fundaci\u00f3n para el Desarrollo y la Innovaci\u00f3n de la Comunitat Valenciana. NIF: G96762448, inscrita en el Registre de Fundaci\u00f3 de Val\u00e8ncia [&hellip;]\" \/>\n<meta property=\"og:url\" content=\"https:\/\/www.fdiformacion.com\/ca\/avis-legal\/\" \/>\n<meta property=\"og:site_name\" content=\"FDI\" \/>\n<meta property=\"article:publisher\" content=\"https:\/\/www.facebook.com\/fdiformacion\" \/>\n<meta property=\"article:modified_time\" content=\"2025-07-11T09:29:14+00:00\" \/>\n<meta name=\"twitter:card\" content=\"summary_large_image\" \/>\n<meta name=\"twitter:label1\" content=\"Temps estimat de lectura\" \/>\n\t<meta name=\"twitter:data1\" content=\"5 minuts\" \/>\n<script type=\"application\/ld+json\" class=\"yoast-schema-graph\">{\"@context\":\"https:\/\/schema.org\",\"@graph\":[{\"@type\":\"WebPage\",\"@id\":\"https:\/\/www.fdiformacion.com\/ca\/avis-legal\/\",\"url\":\"https:\/\/www.fdiformacion.com\/ca\/avis-legal\/\",\"name\":\"Av\u00eds legal - FDI\",\"isPartOf\":{\"@id\":\"https:\/\/www.fdiformacion.com\/#website\"},\"datePublished\":\"2024-10-23T15:07:10+00:00\",\"dateModified\":\"2025-07-11T09:29:14+00:00\",\"breadcrumb\":{\"@id\":\"https:\/\/www.fdiformacion.com\/ca\/avis-legal\/#breadcrumb\"},\"inLanguage\":\"ca\",\"potentialAction\":[{\"@type\":\"ReadAction\",\"target\":[\"https:\/\/www.fdiformacion.com\/ca\/avis-legal\/\"]}]},{\"@type\":\"BreadcrumbList\",\"@id\":\"https:\/\/www.fdiformacion.com\/ca\/avis-legal\/#breadcrumb\",\"itemListElement\":[{\"@type\":\"ListItem\",\"position\":1,\"name\":\"Portada\",\"item\":\"https:\/\/www.fdiformacion.com\/ca\/\"},{\"@type\":\"ListItem\",\"position\":2,\"name\":\"Av\u00eds legal\"}]},{\"@type\":\"WebSite\",\"@id\":\"https:\/\/www.fdiformacion.com\/#website\",\"url\":\"https:\/\/www.fdiformacion.com\/\",\"name\":\"FDI\",\"description\":\"\",\"publisher\":{\"@id\":\"https:\/\/www.fdiformacion.com\/#organization\"},\"potentialAction\":[{\"@type\":\"SearchAction\",\"target\":{\"@type\":\"EntryPoint\",\"urlTemplate\":\"https:\/\/www.fdiformacion.com\/?s={search_term_string}\"},\"query-input\":{\"@type\":\"PropertyValueSpecification\",\"valueRequired\":true,\"valueName\":\"search_term_string\"}}],\"inLanguage\":\"ca\"},{\"@type\":\"Organization\",\"@id\":\"https:\/\/www.fdiformacion.com\/#organization\",\"name\":\"FDI\",\"url\":\"https:\/\/www.fdiformacion.com\/\",\"logo\":{\"@type\":\"ImageObject\",\"inLanguage\":\"ca\",\"@id\":\"https:\/\/www.fdiformacion.com\/#\/schema\/logo\/image\/\",\"url\":\"https:\/\/www.fdiformacion.com\/wp-content\/uploads\/2025\/07\/FDI-marca-principal-scaled.jpg\",\"contentUrl\":\"https:\/\/www.fdiformacion.com\/wp-content\/uploads\/2025\/07\/FDI-marca-principal-scaled.jpg\",\"width\":2560,\"height\":780,\"caption\":\"FDI\"},\"image\":{\"@id\":\"https:\/\/www.fdiformacion.com\/#\/schema\/logo\/image\/\"},\"sameAs\":[\"https:\/\/www.facebook.com\/fdiformacion\",\"https:\/\/www.instagram.com\/fdiformacion?igsh=MTc3eXZocTFtdjJhdg\",\"https:\/\/www.linkedin.com\/company\/fundaci\u00f3n-para-el-desarrollo-y-la-innovaci\u00f3n\/\",\"https:\/\/www.tiktok.com\/@fdiformacion?is_from_webapp=1&sender_device=pc\",\"https:\/\/www.youtube.com\/@fundacionfdiformacion\"]}]}<\/script>\n<!-- \/ Yoast SEO plugin. -->","yoast_head_json":{"title":"Av\u00eds legal - FDI","robots":{"index":"index","follow":"follow","max-snippet":"max-snippet:-1","max-image-preview":"max-image-preview:large","max-video-preview":"max-video-preview:-1"},"canonical":"https:\/\/www.fdiformacion.com\/ca\/avis-legal\/","og_locale":"ca_ES","og_type":"article","og_title":"Av\u00eds legal - FDI","og_description":"Identificaci\u00f3 i Titularitat En compliment de l&#8217;article 10 de la Llei 34\/2002, d&#8217;11 de juliol, de Serveis de la Societat de la Informaci\u00f3 i Comer\u00e7 Electr\u00f2nic, el Titular exposa les seues dades identificatives: Titular: Fundaci\u00f3n para el Desarrollo y la Innovaci\u00f3n de la Comunitat Valenciana. NIF: G96762448, inscrita en el Registre de Fundaci\u00f3 de Val\u00e8ncia [&hellip;]","og_url":"https:\/\/www.fdiformacion.com\/ca\/avis-legal\/","og_site_name":"FDI","article_publisher":"https:\/\/www.facebook.com\/fdiformacion","article_modified_time":"2025-07-11T09:29:14+00:00","twitter_card":"summary_large_image","twitter_misc":{"Temps estimat de lectura":"5 minuts"},"schema":{"@context":"https:\/\/schema.org","@graph":[{"@type":"WebPage","@id":"https:\/\/www.fdiformacion.com\/ca\/avis-legal\/","url":"https:\/\/www.fdiformacion.com\/ca\/avis-legal\/","name":"Av\u00eds legal - FDI","isPartOf":{"@id":"https:\/\/www.fdiformacion.com\/#website"},"datePublished":"2024-10-23T15:07:10+00:00","dateModified":"2025-07-11T09:29:14+00:00","breadcrumb":{"@id":"https:\/\/www.fdiformacion.com\/ca\/avis-legal\/#breadcrumb"},"inLanguage":"ca","potentialAction":[{"@type":"ReadAction","target":["https:\/\/www.fdiformacion.com\/ca\/avis-legal\/"]}]},{"@type":"BreadcrumbList","@id":"https:\/\/www.fdiformacion.com\/ca\/avis-legal\/#breadcrumb","itemListElement":[{"@type":"ListItem","position":1,"name":"Portada","item":"https:\/\/www.fdiformacion.com\/ca\/"},{"@type":"ListItem","position":2,"name":"Av\u00eds legal"}]},{"@type":"WebSite","@id":"https:\/\/www.fdiformacion.com\/#website","url":"https:\/\/www.fdiformacion.com\/","name":"FDI","description":"","publisher":{"@id":"https:\/\/www.fdiformacion.com\/#organization"},"potentialAction":[{"@type":"SearchAction","target":{"@type":"EntryPoint","urlTemplate":"https:\/\/www.fdiformacion.com\/?s={search_term_string}"},"query-input":{"@type":"PropertyValueSpecification","valueRequired":true,"valueName":"search_term_string"}}],"inLanguage":"ca"},{"@type":"Organization","@id":"https:\/\/www.fdiformacion.com\/#organization","name":"FDI","url":"https:\/\/www.fdiformacion.com\/","logo":{"@type":"ImageObject","inLanguage":"ca","@id":"https:\/\/www.fdiformacion.com\/#\/schema\/logo\/image\/","url":"https:\/\/www.fdiformacion.com\/wp-content\/uploads\/2025\/07\/FDI-marca-principal-scaled.jpg","contentUrl":"https:\/\/www.fdiformacion.com\/wp-content\/uploads\/2025\/07\/FDI-marca-principal-scaled.jpg","width":2560,"height":780,"caption":"FDI"},"image":{"@id":"https:\/\/www.fdiformacion.com\/#\/schema\/logo\/image\/"},"sameAs":["https:\/\/www.facebook.com\/fdiformacion","https:\/\/www.instagram.com\/fdiformacion?igsh=MTc3eXZocTFtdjJhdg","https:\/\/www.linkedin.com\/company\/fundaci\u00f3n-para-el-desarrollo-y-la-innovaci\u00f3n\/","https:\/\/www.tiktok.com\/@fdiformacion?is_from_webapp=1&sender_device=pc","https:\/\/www.youtube.com\/@fundacionfdiformacion"]}]}},"_links":{"self":[{"href":"https:\/\/www.fdiformacion.com\/ca\/wp-json\/wp\/v2\/pages\/3712","targetHints":{"allow":["GET"]}}],"collection":[{"href":"https:\/\/www.fdiformacion.com\/ca\/wp-json\/wp\/v2\/pages"}],"about":[{"href":"https:\/\/www.fdiformacion.com\/ca\/wp-json\/wp\/v2\/types\/page"}],"author":[{"embeddable":true,"href":"https:\/\/www.fdiformacion.com\/ca\/wp-json\/wp\/v2\/users\/1"}],"replies":[{"embeddable":true,"href":"https:\/\/www.fdiformacion.com\/ca\/wp-json\/wp\/v2\/comments?post=3712"}],"version-history":[{"count":7,"href":"https:\/\/www.fdiformacion.com\/ca\/wp-json\/wp\/v2\/pages\/3712\/revisions"}],"predecessor-version":[{"id":3784,"href":"https:\/\/www.fdiformacion.com\/ca\/wp-json\/wp\/v2\/pages\/3712\/revisions\/3784"}],"wp:attachment":[{"href":"https:\/\/www.fdiformacion.com\/ca\/wp-json\/wp\/v2\/media?parent=3712"}],"curies":[{"name":"wp","href":"https:\/\/api.w.org\/{rel}","templated":true}]}}