{"id":3736,"date":"2024-10-23T15:06:54","date_gmt":"2024-10-23T15:06:54","guid":{"rendered":"https:\/\/www.fdiformacion.com\/?page_id=3736"},"modified":"2025-07-11T08:59:08","modified_gmt":"2025-07-11T08:59:08","slug":"politica-de-cookies","status":"publish","type":"page","link":"https:\/\/www.fdiformacion.com\/ca\/politica-de-cookies\/","title":{"rendered":"Pol\u00edtica de Cookies"},"content":{"rendered":"<h2>Qu\u00e8 s\u00f3n les cookies?<\/h2>\n<p>En angl\u00e9s, el terme &#8220;cookie&#8221; significa galeta, per\u00f2 en l&#8217;\u00e0mbit de la navegaci\u00f3 web, una &#8220;cookie&#8221; \u00e9s una cosa completament distinta. Quan accedeix al nostre Lloc web, en el navegador del seu dispositiu s&#8217;emmagatzema una xicoteta quantitat de text que es denomina &#8220;cookie&#8221;. Aquest text cont\u00e9 informaci\u00f3 variada sobre la seua navegaci\u00f3, h\u00e0bits, prefer\u00e8ncies, personalitzacions de continguts, etc&#8230;<\/p>\n<p>Existeixen altres tecnologies que funcionen de manera similar i que tamb\u00e9 s&#8217;usen per a recopilar dades sobre la teua activitat de navegaci\u00f3. Direm &#8220;cookies&#8221; a totes aquestes tecnologies en el seu conjunt.<\/p>\n<p>Els usos concrets que fem d&#8217;aquestes tecnologies es descriuen en el present document.<\/p>\n<h2>Per a qu\u00e8 s&#8217;utilitzen les cookies en aquesta web?<\/h2>\n<p>Les cookies s\u00f3n una part essencial de com funciona el Lloc web. L&#8217;objectiu principal de les nostres cookies \u00e9s millorar la seua experi\u00e8ncia en la navegaci\u00f3. Per exemple, per a recordar les seues prefer\u00e8ncies (idioma, pa\u00eds, etc.) durant la navegaci\u00f3 i en futures visites. La informaci\u00f3 arreplegada en les cookies ens permet a m\u00e9s millorar la web, adaptar-la als seus interessos com a usuari, accelerar les cerques que realitze, etc&#8230;<\/p>\n<p>En determinats casos, si hem obtingut el seu previ consentiment informat, podrem utilitzar cookies per a altres usos, com per exemple per a obtindre informaci\u00f3 que ens permeta mostrar-li publicitat basada en l&#8217;an\u00e0lisi dels seus h\u00e0bits de navegaci\u00f3.<\/p>\n<h2>Per a qu\u00e8 NO s&#8217;utilitzen les cookies en aquesta web?<\/h2>\n<p>En les cookies que utilitzem no s&#8217;emmagatzema informaci\u00f3 sensible d&#8217;identificaci\u00f3 personal com el seu nom, direcci\u00f3, la teua contrasenya, etc&#8230;<\/p>\n<h2>Qui utilitza la informaci\u00f3 emmagatzemada en les cookies?<\/h2>\n<p>La informaci\u00f3 emmagatzemada en les cookies del nostre Lloc web \u00e9s utilitzada exclusivament per nosaltres, a excepci\u00f3 d&#8217;aquelles identificades m\u00e9s endavant com &#8220;cookie de tercers&#8221;, que s\u00f3n utilitzades i gestionades per entitats externes que ens proporcionen serveis que milloren l&#8217;experi\u00e8ncia de l&#8217;usuari. Per exemple les estad\u00edstiques que s&#8217;arrepleguen sobre el nombre de visites, el contingut que m\u00e9s agrada, etc&#8230;<\/p>\n<h2>Com pot evitar l&#8217;\u00fas de cookies en aquest Lloc web?<\/h2>\n<p>Si prefereix evitar l&#8217;\u00fas de les cookies, pot REBUTJAR el seu \u00fas o pot CONFIGURAR les que vol evitar i les que permet utilitzar (en aquest document li donem informaci\u00f3 ampliada referent a cada tipus de cookie, la seua finalitat, destinatari, temporalitat, etc&#8230; ).<\/p>\n<p>Si les ha acceptades, no tornarem a preguntar-li llevat que esborre les cookies en el seu dispositiu segons s&#8217;indica en l&#8217;apartat seg\u00fcent. Si vol revocar el consentiment haur\u00e0 d&#8217;eliminar les cookies i tornar a configurar-les.<\/p>\n<h2>Com deshabilite i elimine la utilitzaci\u00f3 de cookies?<\/h2>\n<p>El Titular mostra informaci\u00f3 sobre la seua Pol\u00edtica de cookies en el b\u00e0ner de cookies accessible en totes les p\u00e0gines del Lloc web. El b\u00e0ner de cookies mostra informaci\u00f3 essencial sobre el tractament de dades i permet a l&#8217;Usuari realitzar les seg\u00fcents accions:<\/p>\n<ul>\n<li>ACCEPTAR o REBUTJAR la instal\u00b7laci\u00f3 de cookies, o retirar el consentiment pr\u00e8viament atorgat.<\/li>\n<li>Obtindre informaci\u00f3 addicional en la p\u00e0gina de <a href=\"https:\/\/www.fdiformacion.com\/ca\/politica-de-cookies\/\">Pol\u00edtica de Cookies<\/a>.<\/li>\n<\/ul>\n<p>Per a restringir, bloquejar o esborrar les cookies d&#8217;aquest Lloc web (i les usada per tercers) pot fer-ho, en qualsevol moment, modificant la configuraci\u00f3 del seu navegador. Tinga en compte que aquesta configuraci\u00f3 \u00e9s diferent en cada navegador.<\/p>\n<p>En els seg\u00fcents enlla\u00e7os trobar\u00e0 instruccions per a habilitar o deshabilitar les cookies en els navegadors m\u00e9s comuns.<\/p>\n<ul>\n<li><a href=\"http:\/\/support.mozilla.org\/es\/kb\/habilitar-y-deshabilitar-cookies-que-los-sitios-we\">Firefox<\/a><\/li>\n<li><a href=\"https:\/\/support.google.com\/chrome\/answer\/95647?hl=es\">Google Chrome<\/a><\/li>\n<li><a href=\"https:\/\/support.microsoft.com\/es-es\/help\/17442\/windows-internet-explorer-delete-manage-cookies#ie=%22ie-10\">Internet Explorer<\/a><\/li>\n<li><a href=\"https:\/\/support.microsoft.com\/es-es\/help\/4468242\/microsoft-edge-browsing-data-and-privacy\">Microsoft Edge<\/a><\/li>\n<li><a href=\"http:\/\/support.apple.com\/kb\/HT1677?viewlocale=es_ES\">Safari<\/a><\/li>\n<\/ul>\n<h2>Quins tipus de cookies s&#8217;utilitzen en aquesta p\u00e0gina web?<\/h2>\n<p>Cada p\u00e0gina web utilitza les seues pr\u00f2pies cookies. En la nostra web utilitzem les que s&#8217;indiquen a continuaci\u00f3:<\/p>\n<p><strong>SEGONS L&#8217;ENTITAT QUE HO GESTIONA<\/strong><\/p>\n<p><strong>Cookies pr\u00f2pies:<\/strong><\/p>\n<p>S\u00f3n aquelles que s&#8217;envien a l&#8217;equip terminal de l&#8217;Usuari des d&#8217;un equip o domini gestionat pel propi editor i des del qual es presta el servei sol\u00b7licitat per l&#8217;Usuari.<\/p>\n<p><strong>Cookies de tercers:<\/strong><\/p>\n<p>S\u00f3n aquelles que s&#8217;envien a l&#8217;equip terminal de l&#8217;Usuari des d&#8217;un equip o domini que no \u00e9s gestionat per l&#8217;editor, sin\u00f3 per una altra entitat que tracta les dades obtingudes trav\u00e9s de les cookies.<\/p>\n<p>En el cas que les cookies siguen servides des d&#8217;un equip o domini gestionat pel propi editor, per\u00f2 la informaci\u00f3 que s&#8217;arreplegue mitjan\u00e7ant aquestes siga gestionada per un tercer, no poden ser considerades com a cookies pr\u00f2pies si el tercer les utilitza per a les seues pr\u00f2pies finalitats (per exemple, la millora dels serveis que presta o la prestaci\u00f3 de serveis de car\u00e0cter publicitari a favor d&#8217;altres entitats).<\/p>\n<p><strong>SEGONS LA SEUA FINALITAT<\/strong><\/p>\n<p><strong>Cookies t\u00e8cniques:<\/strong><\/p>\n<p>S\u00f3n aquelles necess\u00e0ries per a la navegaci\u00f3 i el bon funcionament del nostre Lloc web, com per exemple, controlar el tr\u00e0nsit i la comunicaci\u00f3 de dades, identificar la sessi\u00f3, accedir a parts d&#8217;acc\u00e9s restringit, realitzar la sol\u00b7licitud d&#8217;inscripci\u00f3 o participaci\u00f3 en un esdeveniment, comptar visites a l&#8217;efecte de la facturaci\u00f3 de llic\u00e8ncies del programari amb el qual funciona el servei del Lloc web, utilitzar elements de seguretat durant la navegaci\u00f3, emmagatzemar continguts per a la difusi\u00f3 de v\u00eddeos o so, habilitar continguts din\u00e0mics (per exemple, animaci\u00f3 de c\u00e0rrega d&#8217;un text o imatge).<\/p>\n<p><strong>Cookies d&#8217;an\u00e0lisis:<\/strong><\/p>\n<p>Permeten quantificar el nombre d&#8217;usuaris i aix\u00ed realitzar el mesurament i an\u00e0lisi estad\u00edstica de la utilitzaci\u00f3 que fan els usuaris del Lloc web.<\/p>\n<p><strong>Cookies de prefer\u00e8ncies o personalitzaci\u00f3:<\/strong><\/p>\n<p>S\u00f3n aquelles que permeten recordar informaci\u00f3 perqu\u00e8 l&#8217;Usuari accedisca al servei amb determinades caracter\u00edstiques que poden diferenciar la seua experi\u00e8ncia de la d&#8217;altres usuaris, com, per exemple, l&#8217;idioma, el nombre de resultats a mostrar quan l&#8217;Usuari realitza una cerca, l&#8217;aspecte o contingut del servei en funci\u00f3 del tipus de navegador a trav\u00e9s del qual l&#8217;Usuari accedeix al servei o de la regi\u00f3 des de la qual accedeix al servei, etc.<\/p>\n<p><strong>SEGONS EL TERMINI DE TEMPS QUE ROMANEN ACTIVADES<\/strong><\/p>\n<p><strong>Cookies de sessi\u00f3:<\/strong><\/p>\n<p>S\u00f3n aquelles dissenyades per a recaptar i emmagatzemar dades mentre l&#8217;Usuari accedeix a una p\u00e0gina web.<\/p>\n<p>Se solen emprar per a emmagatzemar informaci\u00f3 que nom\u00e9s interessa conservar per a la prestaci\u00f3 del servei sol\u00b7licitat per l&#8217;Usuari en una sola ocasi\u00f3 (per exemple, una llista de productes adquirits) i desapareixen en acabar la sessi\u00f3.<\/p>\n<p><strong>Cookies persistents:<\/strong><\/p>\n<p>S\u00f3n aquelles en les quals les dades segueixen emmagatzemats en el terminal i poden ser accedits i tractats durant un per\u00edode definit pel responsable de la *cookie, i que pot anar d&#8217;uns minuts a diversos anys. Referent a aix\u00f2 ha de valorar-se espec\u00edficament si \u00e9s necess\u00e0ria la utilitzaci\u00f3 de cookies persistents, ja que els riscos per a la privacitat podrien reduir-se mitjan\u00e7ant la utilitzaci\u00f3 de cookies de sessi\u00f3. En tot cas, quan s&#8217;instal\u00b7len cookies persistents, es recomana reduir al m\u00ednim necessari la seua duraci\u00f3 temporal atesa la finalitat del seu \u00fas. A aquest efecte, el Dictamen 4\/2012 del GT29 va indicar que perqu\u00e8 una cookie puga estar exempta del deure de consentiment informat, la seua caducitat ha d&#8217;estar relacionada amb la seua finalitat. A causa d&#8217;aix\u00f2, \u00e9s molt m\u00e9s probable que es consideren com exceptuades les cookies de sessi\u00f3 que les persistents.<\/p>\n","protected":false},"excerpt":{"rendered":"<p>Qu\u00e8 s\u00f3n les cookies? En angl\u00e9s, el terme &#8220;cookie&#8221; significa galeta, per\u00f2 en l&#8217;\u00e0mbit de la navegaci\u00f3 web, una &#8220;cookie&#8221; \u00e9s una cosa completament distinta. Quan accedeix al nostre Lloc web, en el navegador del seu dispositiu s&#8217;emmagatzema una xicoteta quantitat de text que es denomina &#8220;cookie&#8221;. Aquest text cont\u00e9 informaci\u00f3 variada sobre la seua [&hellip;]<\/p>\n","protected":false},"author":1,"featured_media":0,"parent":0,"menu_order":0,"comment_status":"closed","ping_status":"closed","template":"page-legal.php","meta":{"_acf_changed":false,"footnotes":""},"class_list":["post-3736","page","type-page","status-publish","hentry"],"acf":[],"yoast_head":"<!-- This site is optimized with the Yoast SEO plugin v25.9 - https:\/\/yoast.com\/wordpress\/plugins\/seo\/ -->\n<title>Pol\u00edtica de Cookies - FDI<\/title>\n<meta name=\"robots\" content=\"index, follow, max-snippet:-1, max-image-preview:large, max-video-preview:-1\" \/>\n<link rel=\"canonical\" href=\"https:\/\/www.fdiformacion.com\/ca\/politica-de-cookies\/\" \/>\n<meta property=\"og:locale\" content=\"ca_ES\" \/>\n<meta property=\"og:type\" content=\"article\" \/>\n<meta property=\"og:title\" content=\"Pol\u00edtica de Cookies - FDI\" \/>\n<meta property=\"og:description\" content=\"Qu\u00e8 s\u00f3n les cookies? En angl\u00e9s, el terme &#8220;cookie&#8221; significa galeta, per\u00f2 en l&#8217;\u00e0mbit de la navegaci\u00f3 web, una &#8220;cookie&#8221; \u00e9s una cosa completament distinta. Quan accedeix al nostre Lloc web, en el navegador del seu dispositiu s&#8217;emmagatzema una xicoteta quantitat de text que es denomina &#8220;cookie&#8221;. Aquest text cont\u00e9 informaci\u00f3 variada sobre la seua [&hellip;]\" \/>\n<meta property=\"og:url\" content=\"https:\/\/www.fdiformacion.com\/ca\/politica-de-cookies\/\" \/>\n<meta property=\"og:site_name\" content=\"FDI\" \/>\n<meta property=\"article:publisher\" content=\"https:\/\/www.facebook.com\/fdiformacion\" \/>\n<meta property=\"article:modified_time\" content=\"2025-07-11T08:59:08+00:00\" \/>\n<meta name=\"twitter:card\" content=\"summary_large_image\" \/>\n<meta name=\"twitter:label1\" content=\"Temps estimat de lectura\" \/>\n\t<meta name=\"twitter:data1\" content=\"6 minuts\" \/>\n<script type=\"application\/ld+json\" class=\"yoast-schema-graph\">{\"@context\":\"https:\/\/schema.org\",\"@graph\":[{\"@type\":\"WebPage\",\"@id\":\"https:\/\/www.fdiformacion.com\/ca\/politica-de-cookies\/\",\"url\":\"https:\/\/www.fdiformacion.com\/ca\/politica-de-cookies\/\",\"name\":\"Pol\u00edtica de Cookies - FDI\",\"isPartOf\":{\"@id\":\"https:\/\/www.fdiformacion.com\/#website\"},\"datePublished\":\"2024-10-23T15:06:54+00:00\",\"dateModified\":\"2025-07-11T08:59:08+00:00\",\"breadcrumb\":{\"@id\":\"https:\/\/www.fdiformacion.com\/ca\/politica-de-cookies\/#breadcrumb\"},\"inLanguage\":\"ca\",\"potentialAction\":[{\"@type\":\"ReadAction\",\"target\":[\"https:\/\/www.fdiformacion.com\/ca\/politica-de-cookies\/\"]}]},{\"@type\":\"BreadcrumbList\",\"@id\":\"https:\/\/www.fdiformacion.com\/ca\/politica-de-cookies\/#breadcrumb\",\"itemListElement\":[{\"@type\":\"ListItem\",\"position\":1,\"name\":\"Portada\",\"item\":\"https:\/\/www.fdiformacion.com\/ca\/\"},{\"@type\":\"ListItem\",\"position\":2,\"name\":\"Pol\u00edtica de Cookies\"}]},{\"@type\":\"WebSite\",\"@id\":\"https:\/\/www.fdiformacion.com\/#website\",\"url\":\"https:\/\/www.fdiformacion.com\/\",\"name\":\"FDI\",\"description\":\"\",\"publisher\":{\"@id\":\"https:\/\/www.fdiformacion.com\/#organization\"},\"potentialAction\":[{\"@type\":\"SearchAction\",\"target\":{\"@type\":\"EntryPoint\",\"urlTemplate\":\"https:\/\/www.fdiformacion.com\/?s={search_term_string}\"},\"query-input\":{\"@type\":\"PropertyValueSpecification\",\"valueRequired\":true,\"valueName\":\"search_term_string\"}}],\"inLanguage\":\"ca\"},{\"@type\":\"Organization\",\"@id\":\"https:\/\/www.fdiformacion.com\/#organization\",\"name\":\"FDI\",\"url\":\"https:\/\/www.fdiformacion.com\/\",\"logo\":{\"@type\":\"ImageObject\",\"inLanguage\":\"ca\",\"@id\":\"https:\/\/www.fdiformacion.com\/#\/schema\/logo\/image\/\",\"url\":\"https:\/\/www.fdiformacion.com\/wp-content\/uploads\/2025\/07\/FDI-marca-principal-scaled.jpg\",\"contentUrl\":\"https:\/\/www.fdiformacion.com\/wp-content\/uploads\/2025\/07\/FDI-marca-principal-scaled.jpg\",\"width\":2560,\"height\":780,\"caption\":\"FDI\"},\"image\":{\"@id\":\"https:\/\/www.fdiformacion.com\/#\/schema\/logo\/image\/\"},\"sameAs\":[\"https:\/\/www.facebook.com\/fdiformacion\",\"https:\/\/www.instagram.com\/fdiformacion?igsh=MTc3eXZocTFtdjJhdg\",\"https:\/\/www.linkedin.com\/company\/fundaci\u00f3n-para-el-desarrollo-y-la-innovaci\u00f3n\/\",\"https:\/\/www.tiktok.com\/@fdiformacion?is_from_webapp=1&sender_device=pc\",\"https:\/\/www.youtube.com\/@fundacionfdiformacion\"]}]}<\/script>\n<!-- \/ Yoast SEO plugin. -->","yoast_head_json":{"title":"Pol\u00edtica de Cookies - FDI","robots":{"index":"index","follow":"follow","max-snippet":"max-snippet:-1","max-image-preview":"max-image-preview:large","max-video-preview":"max-video-preview:-1"},"canonical":"https:\/\/www.fdiformacion.com\/ca\/politica-de-cookies\/","og_locale":"ca_ES","og_type":"article","og_title":"Pol\u00edtica de Cookies - FDI","og_description":"Qu\u00e8 s\u00f3n les cookies? En angl\u00e9s, el terme &#8220;cookie&#8221; significa galeta, per\u00f2 en l&#8217;\u00e0mbit de la navegaci\u00f3 web, una &#8220;cookie&#8221; \u00e9s una cosa completament distinta. Quan accedeix al nostre Lloc web, en el navegador del seu dispositiu s&#8217;emmagatzema una xicoteta quantitat de text que es denomina &#8220;cookie&#8221;. Aquest text cont\u00e9 informaci\u00f3 variada sobre la seua [&hellip;]","og_url":"https:\/\/www.fdiformacion.com\/ca\/politica-de-cookies\/","og_site_name":"FDI","article_publisher":"https:\/\/www.facebook.com\/fdiformacion","article_modified_time":"2025-07-11T08:59:08+00:00","twitter_card":"summary_large_image","twitter_misc":{"Temps estimat de lectura":"6 minuts"},"schema":{"@context":"https:\/\/schema.org","@graph":[{"@type":"WebPage","@id":"https:\/\/www.fdiformacion.com\/ca\/politica-de-cookies\/","url":"https:\/\/www.fdiformacion.com\/ca\/politica-de-cookies\/","name":"Pol\u00edtica de Cookies - FDI","isPartOf":{"@id":"https:\/\/www.fdiformacion.com\/#website"},"datePublished":"2024-10-23T15:06:54+00:00","dateModified":"2025-07-11T08:59:08+00:00","breadcrumb":{"@id":"https:\/\/www.fdiformacion.com\/ca\/politica-de-cookies\/#breadcrumb"},"inLanguage":"ca","potentialAction":[{"@type":"ReadAction","target":["https:\/\/www.fdiformacion.com\/ca\/politica-de-cookies\/"]}]},{"@type":"BreadcrumbList","@id":"https:\/\/www.fdiformacion.com\/ca\/politica-de-cookies\/#breadcrumb","itemListElement":[{"@type":"ListItem","position":1,"name":"Portada","item":"https:\/\/www.fdiformacion.com\/ca\/"},{"@type":"ListItem","position":2,"name":"Pol\u00edtica de Cookies"}]},{"@type":"WebSite","@id":"https:\/\/www.fdiformacion.com\/#website","url":"https:\/\/www.fdiformacion.com\/","name":"FDI","description":"","publisher":{"@id":"https:\/\/www.fdiformacion.com\/#organization"},"potentialAction":[{"@type":"SearchAction","target":{"@type":"EntryPoint","urlTemplate":"https:\/\/www.fdiformacion.com\/?s={search_term_string}"},"query-input":{"@type":"PropertyValueSpecification","valueRequired":true,"valueName":"search_term_string"}}],"inLanguage":"ca"},{"@type":"Organization","@id":"https:\/\/www.fdiformacion.com\/#organization","name":"FDI","url":"https:\/\/www.fdiformacion.com\/","logo":{"@type":"ImageObject","inLanguage":"ca","@id":"https:\/\/www.fdiformacion.com\/#\/schema\/logo\/image\/","url":"https:\/\/www.fdiformacion.com\/wp-content\/uploads\/2025\/07\/FDI-marca-principal-scaled.jpg","contentUrl":"https:\/\/www.fdiformacion.com\/wp-content\/uploads\/2025\/07\/FDI-marca-principal-scaled.jpg","width":2560,"height":780,"caption":"FDI"},"image":{"@id":"https:\/\/www.fdiformacion.com\/#\/schema\/logo\/image\/"},"sameAs":["https:\/\/www.facebook.com\/fdiformacion","https:\/\/www.instagram.com\/fdiformacion?igsh=MTc3eXZocTFtdjJhdg","https:\/\/www.linkedin.com\/company\/fundaci\u00f3n-para-el-desarrollo-y-la-innovaci\u00f3n\/","https:\/\/www.tiktok.com\/@fdiformacion?is_from_webapp=1&sender_device=pc","https:\/\/www.youtube.com\/@fundacionfdiformacion"]}]}},"_links":{"self":[{"href":"https:\/\/www.fdiformacion.com\/ca\/wp-json\/wp\/v2\/pages\/3736","targetHints":{"allow":["GET"]}}],"collection":[{"href":"https:\/\/www.fdiformacion.com\/ca\/wp-json\/wp\/v2\/pages"}],"about":[{"href":"https:\/\/www.fdiformacion.com\/ca\/wp-json\/wp\/v2\/types\/page"}],"author":[{"embeddable":true,"href":"https:\/\/www.fdiformacion.com\/ca\/wp-json\/wp\/v2\/users\/1"}],"replies":[{"embeddable":true,"href":"https:\/\/www.fdiformacion.com\/ca\/wp-json\/wp\/v2\/comments?post=3736"}],"version-history":[{"count":2,"href":"https:\/\/www.fdiformacion.com\/ca\/wp-json\/wp\/v2\/pages\/3736\/revisions"}],"predecessor-version":[{"id":3777,"href":"https:\/\/www.fdiformacion.com\/ca\/wp-json\/wp\/v2\/pages\/3736\/revisions\/3777"}],"wp:attachment":[{"href":"https:\/\/www.fdiformacion.com\/ca\/wp-json\/wp\/v2\/media?parent=3736"}],"curies":[{"name":"wp","href":"https:\/\/api.w.org\/{rel}","templated":true}]}}