{"id":3738,"date":"2024-09-27T08:01:21","date_gmt":"2024-09-27T08:01:21","guid":{"rendered":"https:\/\/www.fdiformacion.com\/?page_id=3738"},"modified":"2025-07-21T08:29:30","modified_gmt":"2025-07-21T08:29:30","slug":"politica-de-privacitat","status":"publish","type":"page","link":"https:\/\/www.fdiformacion.com\/ca\/politica-de-privacitat\/","title":{"rendered":"Pol\u00edtica de Privacitat"},"content":{"rendered":"<p>El Titular l&#8217;informa sobre la seua Pol\u00edtica de Privacitat respecte del tractament i protecci\u00f3 de les dades de car\u00e0cter personal dels usuaris que puguen ser recaptats durant la navegaci\u00f3 a trav\u00e9s del Lloc web:\u00a0<a href=\"https:\/\/www.fdiformacion.com\/ca\/\">https:\/\/www.fdiformacion.com<\/a><\/p>\n<p>En aquest sentit, el Titular garanteix el compliment de la normativa vigent en mat\u00e8ria de protecci\u00f3 de dades personals, reflectida en la Llei Org\u00e0nica 3\/2018, de 5 de desembre, de Protecci\u00f3 de Dades Personals i de Garantia de Drets Digitals (LOPD GDD). Compleix tamb\u00e9 amb el Reglament (UE) 2016\/679 del Parlament Europeu i del Consell de 27 d&#8217;abril de 2016 relatiu a la protecci\u00f3 de les persones f\u00edsiques (RGPD).<\/p>\n<p>L&#8217;\u00fas de lloc web implica l&#8217;acceptaci\u00f3 d&#8217;aquesta Pol\u00edtica de Privacitat aix\u00ed com les condicions incloses en l&#8217;<a href=\"https:\/\/www.fdiformacion.com\/ca\/avis-legal\/\">Av\u00eds Legal<\/a>.<\/p>\n<h2>Identitat del Responsable<\/h2>\n<ul>\n<li><strong>Responsable:<\/strong> Fundaci\u00f3n para el Desarrollo y la Innovaci\u00f3n de la Comunitat Valenciana.<\/li>\n<li><strong>NIF:<\/strong> G96762448, inscrita en el Registre de Fundaci\u00f3 de Val\u00e8ncia amb n\u00famero 295-V<\/li>\n<li><strong>Domicili:<\/strong> FDI \u00c0rea de Formaci\u00f3, Pol\u00edgon Industrial s\/n, Almussafes, C.P. 46440, Val\u00e8ncia &#8211; Espanya.<\/li>\n<li><strong>Correu electr\u00f2nic:<\/strong> formacio@ford.com<\/li>\n<li><strong>Tel\u00e8fon de contacte:<\/strong> 961792038<\/li>\n<li><strong>Lloc web:<\/strong> <a href=\"https:\/\/www.fdiformacion.com\/ca\/\">https:\/\/www.fdiformacion.com<\/a><\/li>\n<\/ul>\n<h2>Principis aplicats en el tractament de dades<\/h2>\n<p>En el tractament de les seues dades personals, el Titular aplicar\u00e0 els seg\u00fcents principis que s&#8217;ajusten a les exig\u00e8ncies del nou reglament europeu de protecci\u00f3 de dades (RGPD):<\/p>\n<ul>\n<li>Principi de licitud, lleialtat i transpar\u00e8ncia: El Titular sempre requerir\u00e0 el consentiment per al tractament de les dades personals que pot ser per a un o diversos fins espec\u00edfics sobre els quals el Titular informar\u00e0 l&#8217;Usuari pr\u00e8viament amb absoluta transpar\u00e8ncia.<\/li>\n<li>Principi de minimitzaci\u00f3 de dades: El Titular sol\u00b7licitar\u00e0 nom\u00e9s les dades estrictament necess\u00e0ries per al fi o els fins que els sol\u00b7licita.<\/li>\n<li>Principi de limitaci\u00f3 del termini de conservaci\u00f3: El Titular mantindr\u00e0 les dades personals recaptades durant el temps estrictament necessari per al fi o els fins del tractament. El Titular informar\u00e0 l&#8217;Usuari del termini de conservaci\u00f3 corresponent segons la finalitat.<br \/>\nEn el cas de subscripcions, el Titular revisar\u00e0 peri\u00f2dicament les llistes i eliminar\u00e0 aquells registres inactius durant un temps considerable.<\/li>\n<li>Principi d&#8217;integritat i confidencialitat: Les dades personals recaptades seran tractats de tal manera que la seua seguretat, confidencialitat i integritat est\u00e0 garantida.<br \/>\nEl Titular presa les precaucions necess\u00e0ries per a evitar l&#8217;acc\u00e9s no autoritzat o \u00fas indegut de les dades dels seus usuaris per part de tercers.<\/li>\n<\/ul>\n<h2>Obtenci\u00f3 de dades personals<\/h2>\n<p>Per a navegar pel lloc web no \u00e9s necessari que facilite cap dada personal.<\/p>\n<h2>Drets<\/h2>\n<p>El Titular l&#8217;informa que sobre les seues dades personals t\u00e9 dret a:<\/p>\n<ul>\n<li>Sol\u00b7licitar l&#8217;acc\u00e9s a les dades emmagatzemades.<\/li>\n<li>Sol\u00b7licitar una rectificaci\u00f3 o la supressi\u00f3.<\/li>\n<li>Sol\u00b7licitar la limitaci\u00f3 del seu tractament.<\/li>\n<li>Oposar-se al tractament.<\/li>\n<\/ul>\n<p>No pot exercitar el dret a la portabilitat de les dades.<\/p>\n<p>L&#8217;exercici d&#8217;aquests drets \u00e9s personal i per tant ha de ser exercit directament per l&#8217;interessat, sol\u00b7licitant-lo directament al Titular, cosa que significa que qualsevol client, subscriptor o col\u00b7laborador que haja facilitat les seues dades en algun moment, pot dirigir-se al Titular i demanar informaci\u00f3 sobre les dades que t\u00e9 emmagatzemats i com els ha obtinguts, sol\u00b7licitar la rectificaci\u00f3 d&#8217;aquests, oposar-se al tractament, limitar el seu \u00fas o sol\u00b7licitar la supressi\u00f3 d&#8217;eixes dades en els fitxers del Titular.<\/p>\n<p>Per a exercitar els seus drets ha d&#8217;enviar la seua petici\u00f3 juntament amb una fotoc\u00f2pia del Document Nacional d&#8217;Identitat o equivalent a\u00a0 l&#8217;adre\u00e7a de correu electr\u00f2nic: <a href=\"mailto:formacio@ford.com\">formacio@ford.com<\/a><\/p>\n<p>L&#8217;exercici d&#8217;aquests drets no inclou cap dada que el Titular estiga obligat a conservar amb finalitats administratius, legals o de seguretat.<\/p>\n<p>T\u00e9 dret a la tutela judicial efectiva i a presentar una reclamaci\u00f3 davant l&#8217;autoritat de control, en aquest cas, l&#8217;Ag\u00e8ncia Espanyola de Protecci\u00f3 de Dades, si considera que el tractament de dades personals que el concerneixen infringeix el Reglament.<\/p>\n<h2>Finalitat del tractament de dades personals<\/h2>\n<p>Quan vost\u00e9 es connecta al Lloc web per a manar un correu al Titular, se subscriu al seu butllet\u00ed est\u00e0 facilitant informaci\u00f3 de car\u00e0cter personal de la qual el responsable \u00e9s el Titular. Aquesta informaci\u00f3 pot incloure dades de car\u00e0cter personal com poden ser la seua adre\u00e7a IP, nom i cognoms, adre\u00e7a f\u00edsica, adre\u00e7a de correu electr\u00f2nic, n\u00famero de tel\u00e8fon, i una altra informaci\u00f3. En facilitar aquesta informaci\u00f3, dona el seu consentiment perqu\u00e8 la seua informaci\u00f3 siga recopilada, utilitzada, gestionada i emmagatzemada per \u2014 Fundaci\u00f3n para el Desarrollo y la Innovaci\u00f3n de la Comunitat Valenciana \u2014 nom\u00e9s com es descriu en les p\u00e0gines:<\/p>\n<ul>\n<li><a href=\"https:\/\/www.fdiformacion.com\/ca\/avis-legal\/\">Av\u00eds Legal<\/a><\/li>\n<li><a href=\"https:\/\/www.fdiformacion.com\/ca\/politica-de-privacitat\/\">Pol\u00edtica de Privacitat<\/a><\/li>\n<\/ul>\n<p>Les dades personals i la finalitat del tractament per part del Titular \u00e9s diferent segons el sistema de captura d&#8217;informaci\u00f3:<\/p>\n<p>Existeixen altres finalitats per les quals el Titular tracta dades personals:<\/p>\n<ul>\n<li>Per a garantir el compliment de les condicions arreplegades en la p\u00e0gina d&#8217;Av\u00eds Legal i de la llei aplicable. Aix\u00f2 pot incloure el desenvolupament d&#8217;eines i algorismes que ajuden el Lloc web a garantir la confidencialitat de les dades personals que arreplega.<\/li>\n<li>Per a secundar i millorar els serveis que ofereix aquest Lloc web.<\/li>\n<li>Per a analitzar la navegaci\u00f3 dels usuaris. El Titular arreplega altres dades no identificatives que s&#8217;obtenen mitjan\u00e7ant l&#8217;\u00fas de cookies que es descarreguen en l&#8217;ordinador de l&#8217;Usuari quan navega pel Lloc web les caracter\u00edstiques i la finalitat del qual estan detallades en la p\u00e0gina de <a href=\"https:\/\/www.fdiformacion.com\/ca\/politica-de-cookies\/\">Pol\u00edtica de Cookies<\/a>.<\/li>\n<\/ul>\n<h2>Seguretat de les dades personals<\/h2>\n<p>Per a protegir les seues dades personals, el Titular presa totes les precaucions raonables i segueix les millors pr\u00e0ctiques de la ind\u00fastria per a evitar la seua p\u00e8rdua, mal \u00fas, acc\u00e9s indegut, divulgaci\u00f3, alteraci\u00f3 o destrucci\u00f3 d&#8217;aquests.<\/p>\n<p>Les seues dades podran ser incorporats a un fitxer de llista de correu, del qual el Titular \u00e9s responsable de la seua gesti\u00f3 i tractament. La seguretat de les seues dades est\u00e0 garantida, ja que el Titular presa totes les mesures de seguretat necess\u00e0ries i li garanteix que les dades personals nom\u00e9s s&#8217;usaran per a les finalitats donades.<\/p>\n<h2>Contingut d&#8217;altres llocs web<\/h2>\n<p>Les p\u00e0gines d&#8217;aquest lloc web poden incloure contingut incrustat (per exemple, v\u00eddeos, imatges, articles, etc.). El contingut incrustat d&#8217;altres web es comporta exactament de la mateixa manera que si haguera visitat l&#8217;altra web.<\/p>\n<p>Aquests llocs web poden recopilar dades sobre vost\u00e9, utilitzar cookies, incrustar un codi de seguiment addicional de tercers, i supervisar la seua interacci\u00f3 usant aquest codi.<\/p>\n<h2>Pol\u00edtica de Cookies<\/h2>\n<p>Perqu\u00e8 aquest lloc web funcione correctament necessita utilitzar cookies, que \u00e9s una informaci\u00f3 que s&#8217;emmagatzema en el seu navegador web.<\/p>\n<p>Pot consultar tota la informaci\u00f3 relativa a la pol\u00edtica de recollida i tractament de les cookies en la p\u00e0gina de\u00a0<a href=\"https:\/\/www.fdiformacion.com\/ca\/politica-de-cookies\/\">Pol\u00edtica de Cookies<\/a>.<\/p>\n<h2>Legitimaci\u00f3 per al tractament de dades<\/h2>\n<p>La base legal per al tractament de les seues dades \u00e9s:<\/p>\n<ul>\n<li>El consentiment de l&#8217;interessat.<\/li>\n<\/ul>\n<h2>Categories de dades personals<\/h2>\n<p>Les categories de dades personals que tracta el Titular s\u00f3n:<\/p>\n<ul>\n<li>Dades identificatives.<\/li>\n<li>No es tracten categories de dades especialment protegides.<\/li>\n<\/ul>\n<h2>Conservaci\u00f3 de dades personals<\/h2>\n<p>Les dades personals proporcionades al Titular es conservaran fins que sol\u00b7licite la seua supressi\u00f3.<\/p>\n<h2>Navegaci\u00f3 Web<\/h2>\n<p>En navegar pel Lloc web es poden arreplegar dades no identificatives, que poden incloure, l&#8217;adre\u00e7a IP, geolocalitzaci\u00f3, un registre de com s&#8217;utilitzen els serveis i llocs, h\u00e0bits de navegaci\u00f3 i altres dades que no poden ser utilitzats per a identificar-li.<\/p>\n<p>El lloc web utilitza els seg\u00fcents serveis d&#8217;an\u00e0lisis de tercers:<\/p>\n<p>El Titular utilitza la informaci\u00f3 obtinguda per a obtindre dades estad\u00edstiques, analitzar tend\u00e8ncies, administrar el lloc, estudiar patrons de navegaci\u00f3 i per a recopilar informaci\u00f3 demogr\u00e0fica.<\/p>\n<p>El Titular no es fa responsable del tractament de les dades personals que realitzen les p\u00e0gines web a les quals puga accedir a trav\u00e9s dels diferents enlla\u00e7os que cont\u00e9 el Lloc web.<\/p>\n<h2>Exactitud i veracitat de les dades personals<\/h2>\n<p>Vost\u00e9 es compromet al fet que les dades facilitades al Titular siguen correctes, complets, exactes i vigents, aix\u00ed com a mantindre&#8217;ls degudament actualitzats.<\/p>\n<p>Com a Usuari del Lloc web \u00e9s l&#8217;\u00fanic responsable de la veracitat i correcci\u00f3 de les dades remeses al Lloc web exonerant al Titular de qualsevol responsabilitat sobre aquest tema.<\/p>\n<h2>Acceptaci\u00f3 i consentiment<\/h2>\n<p>Com a Usuari del Lloc web declara haver sigut informat de les condicions sobre protecci\u00f3 de dades de car\u00e0cter personal, accepta i consent el tractament dels mateixos per part del Titular en la forma i per a les finalitats indicades en aquesta Pol\u00edtica de Privacitat.<\/p>\n<p>Per a contactar amb el Titular, subscriure&#8217;s a un butllet\u00ed o realitzar comentaris en aquest lloc web ha d&#8217;acceptar la present Pol\u00edtica de Privacitat.<\/p>\n<h2>Canvis en la Pol\u00edtica de Privacitat<\/h2>\n<p>El Titular es reserva el dret a modificar la present Pol\u00edtica de Privacitat per a adaptar-la a novetats legislatives o jurisprudencials, aix\u00ed com a pr\u00e0ctiques de la ind\u00fastria.<\/p>\n<p>Aquestes pol\u00edtiques estaran vigents fins que siguen modificades per unes altres degudament publicades.<\/p>\n","protected":false},"excerpt":{"rendered":"<p>El Titular l&#8217;informa sobre la seua Pol\u00edtica de Privacitat respecte del tractament i protecci\u00f3 de les dades de car\u00e0cter personal dels usuaris que puguen ser recaptats durant la navegaci\u00f3 a trav\u00e9s del Lloc web:\u00a0https:\/\/www.fdiformacion.com En aquest sentit, el Titular garanteix el compliment de la normativa vigent en mat\u00e8ria de protecci\u00f3 de dades personals, reflectida en [&hellip;]<\/p>\n","protected":false},"author":1,"featured_media":0,"parent":0,"menu_order":0,"comment_status":"closed","ping_status":"open","template":"page-legal.php","meta":{"_acf_changed":false,"footnotes":""},"class_list":["post-3738","page","type-page","status-publish","hentry"],"acf":[],"yoast_head":"<!-- This site is optimized with the Yoast SEO plugin v25.9 - https:\/\/yoast.com\/wordpress\/plugins\/seo\/ -->\n<title>Pol\u00edtica de Privacitat - FDI<\/title>\n<meta name=\"robots\" content=\"index, follow, max-snippet:-1, max-image-preview:large, max-video-preview:-1\" \/>\n<link rel=\"canonical\" href=\"https:\/\/www.fdiformacion.com\/ca\/politica-de-privacitat\/\" \/>\n<meta property=\"og:locale\" content=\"ca_ES\" \/>\n<meta property=\"og:type\" content=\"article\" \/>\n<meta property=\"og:title\" content=\"Pol\u00edtica de Privacitat - FDI\" \/>\n<meta property=\"og:description\" content=\"El Titular l&#8217;informa sobre la seua Pol\u00edtica de Privacitat respecte del tractament i protecci\u00f3 de les dades de car\u00e0cter personal dels usuaris que puguen ser recaptats durant la navegaci\u00f3 a trav\u00e9s del Lloc web:\u00a0https:\/\/www.fdiformacion.com En aquest sentit, el Titular garanteix el compliment de la normativa vigent en mat\u00e8ria de protecci\u00f3 de dades personals, reflectida en [&hellip;]\" \/>\n<meta property=\"og:url\" content=\"https:\/\/www.fdiformacion.com\/ca\/politica-de-privacitat\/\" \/>\n<meta property=\"og:site_name\" content=\"FDI\" \/>\n<meta property=\"article:publisher\" content=\"https:\/\/www.facebook.com\/fdiformacion\" \/>\n<meta property=\"article:modified_time\" content=\"2025-07-21T08:29:30+00:00\" \/>\n<meta name=\"twitter:card\" content=\"summary_large_image\" \/>\n<meta name=\"twitter:label1\" content=\"Temps estimat de lectura\" \/>\n\t<meta name=\"twitter:data1\" content=\"7 minuts\" \/>\n<script type=\"application\/ld+json\" class=\"yoast-schema-graph\">{\"@context\":\"https:\/\/schema.org\",\"@graph\":[{\"@type\":\"WebPage\",\"@id\":\"https:\/\/www.fdiformacion.com\/ca\/politica-de-privacitat\/\",\"url\":\"https:\/\/www.fdiformacion.com\/ca\/politica-de-privacitat\/\",\"name\":\"Pol\u00edtica de Privacitat - FDI\",\"isPartOf\":{\"@id\":\"https:\/\/www.fdiformacion.com\/#website\"},\"datePublished\":\"2024-09-27T08:01:21+00:00\",\"dateModified\":\"2025-07-21T08:29:30+00:00\",\"breadcrumb\":{\"@id\":\"https:\/\/www.fdiformacion.com\/ca\/politica-de-privacitat\/#breadcrumb\"},\"inLanguage\":\"ca\",\"potentialAction\":[{\"@type\":\"ReadAction\",\"target\":[\"https:\/\/www.fdiformacion.com\/ca\/politica-de-privacitat\/\"]}]},{\"@type\":\"BreadcrumbList\",\"@id\":\"https:\/\/www.fdiformacion.com\/ca\/politica-de-privacitat\/#breadcrumb\",\"itemListElement\":[{\"@type\":\"ListItem\",\"position\":1,\"name\":\"Portada\",\"item\":\"https:\/\/www.fdiformacion.com\/ca\/\"},{\"@type\":\"ListItem\",\"position\":2,\"name\":\"Pol\u00edtica de Privacitat\"}]},{\"@type\":\"WebSite\",\"@id\":\"https:\/\/www.fdiformacion.com\/#website\",\"url\":\"https:\/\/www.fdiformacion.com\/\",\"name\":\"FDI\",\"description\":\"\",\"publisher\":{\"@id\":\"https:\/\/www.fdiformacion.com\/#organization\"},\"potentialAction\":[{\"@type\":\"SearchAction\",\"target\":{\"@type\":\"EntryPoint\",\"urlTemplate\":\"https:\/\/www.fdiformacion.com\/?s={search_term_string}\"},\"query-input\":{\"@type\":\"PropertyValueSpecification\",\"valueRequired\":true,\"valueName\":\"search_term_string\"}}],\"inLanguage\":\"ca\"},{\"@type\":\"Organization\",\"@id\":\"https:\/\/www.fdiformacion.com\/#organization\",\"name\":\"FDI\",\"url\":\"https:\/\/www.fdiformacion.com\/\",\"logo\":{\"@type\":\"ImageObject\",\"inLanguage\":\"ca\",\"@id\":\"https:\/\/www.fdiformacion.com\/#\/schema\/logo\/image\/\",\"url\":\"https:\/\/www.fdiformacion.com\/wp-content\/uploads\/2025\/07\/FDI-marca-principal-scaled.jpg\",\"contentUrl\":\"https:\/\/www.fdiformacion.com\/wp-content\/uploads\/2025\/07\/FDI-marca-principal-scaled.jpg\",\"width\":2560,\"height\":780,\"caption\":\"FDI\"},\"image\":{\"@id\":\"https:\/\/www.fdiformacion.com\/#\/schema\/logo\/image\/\"},\"sameAs\":[\"https:\/\/www.facebook.com\/fdiformacion\",\"https:\/\/www.instagram.com\/fdiformacion?igsh=MTc3eXZocTFtdjJhdg\",\"https:\/\/www.linkedin.com\/company\/fundaci\u00f3n-para-el-desarrollo-y-la-innovaci\u00f3n\/\",\"https:\/\/www.tiktok.com\/@fdiformacion?is_from_webapp=1&sender_device=pc\",\"https:\/\/www.youtube.com\/@fundacionfdiformacion\"]}]}<\/script>\n<!-- \/ Yoast SEO plugin. -->","yoast_head_json":{"title":"Pol\u00edtica de Privacitat - FDI","robots":{"index":"index","follow":"follow","max-snippet":"max-snippet:-1","max-image-preview":"max-image-preview:large","max-video-preview":"max-video-preview:-1"},"canonical":"https:\/\/www.fdiformacion.com\/ca\/politica-de-privacitat\/","og_locale":"ca_ES","og_type":"article","og_title":"Pol\u00edtica de Privacitat - FDI","og_description":"El Titular l&#8217;informa sobre la seua Pol\u00edtica de Privacitat respecte del tractament i protecci\u00f3 de les dades de car\u00e0cter personal dels usuaris que puguen ser recaptats durant la navegaci\u00f3 a trav\u00e9s del Lloc web:\u00a0https:\/\/www.fdiformacion.com En aquest sentit, el Titular garanteix el compliment de la normativa vigent en mat\u00e8ria de protecci\u00f3 de dades personals, reflectida en [&hellip;]","og_url":"https:\/\/www.fdiformacion.com\/ca\/politica-de-privacitat\/","og_site_name":"FDI","article_publisher":"https:\/\/www.facebook.com\/fdiformacion","article_modified_time":"2025-07-21T08:29:30+00:00","twitter_card":"summary_large_image","twitter_misc":{"Temps estimat de lectura":"7 minuts"},"schema":{"@context":"https:\/\/schema.org","@graph":[{"@type":"WebPage","@id":"https:\/\/www.fdiformacion.com\/ca\/politica-de-privacitat\/","url":"https:\/\/www.fdiformacion.com\/ca\/politica-de-privacitat\/","name":"Pol\u00edtica de Privacitat - FDI","isPartOf":{"@id":"https:\/\/www.fdiformacion.com\/#website"},"datePublished":"2024-09-27T08:01:21+00:00","dateModified":"2025-07-21T08:29:30+00:00","breadcrumb":{"@id":"https:\/\/www.fdiformacion.com\/ca\/politica-de-privacitat\/#breadcrumb"},"inLanguage":"ca","potentialAction":[{"@type":"ReadAction","target":["https:\/\/www.fdiformacion.com\/ca\/politica-de-privacitat\/"]}]},{"@type":"BreadcrumbList","@id":"https:\/\/www.fdiformacion.com\/ca\/politica-de-privacitat\/#breadcrumb","itemListElement":[{"@type":"ListItem","position":1,"name":"Portada","item":"https:\/\/www.fdiformacion.com\/ca\/"},{"@type":"ListItem","position":2,"name":"Pol\u00edtica de Privacitat"}]},{"@type":"WebSite","@id":"https:\/\/www.fdiformacion.com\/#website","url":"https:\/\/www.fdiformacion.com\/","name":"FDI","description":"","publisher":{"@id":"https:\/\/www.fdiformacion.com\/#organization"},"potentialAction":[{"@type":"SearchAction","target":{"@type":"EntryPoint","urlTemplate":"https:\/\/www.fdiformacion.com\/?s={search_term_string}"},"query-input":{"@type":"PropertyValueSpecification","valueRequired":true,"valueName":"search_term_string"}}],"inLanguage":"ca"},{"@type":"Organization","@id":"https:\/\/www.fdiformacion.com\/#organization","name":"FDI","url":"https:\/\/www.fdiformacion.com\/","logo":{"@type":"ImageObject","inLanguage":"ca","@id":"https:\/\/www.fdiformacion.com\/#\/schema\/logo\/image\/","url":"https:\/\/www.fdiformacion.com\/wp-content\/uploads\/2025\/07\/FDI-marca-principal-scaled.jpg","contentUrl":"https:\/\/www.fdiformacion.com\/wp-content\/uploads\/2025\/07\/FDI-marca-principal-scaled.jpg","width":2560,"height":780,"caption":"FDI"},"image":{"@id":"https:\/\/www.fdiformacion.com\/#\/schema\/logo\/image\/"},"sameAs":["https:\/\/www.facebook.com\/fdiformacion","https:\/\/www.instagram.com\/fdiformacion?igsh=MTc3eXZocTFtdjJhdg","https:\/\/www.linkedin.com\/company\/fundaci\u00f3n-para-el-desarrollo-y-la-innovaci\u00f3n\/","https:\/\/www.tiktok.com\/@fdiformacion?is_from_webapp=1&sender_device=pc","https:\/\/www.youtube.com\/@fundacionfdiformacion"]}]}},"_links":{"self":[{"href":"https:\/\/www.fdiformacion.com\/ca\/wp-json\/wp\/v2\/pages\/3738","targetHints":{"allow":["GET"]}}],"collection":[{"href":"https:\/\/www.fdiformacion.com\/ca\/wp-json\/wp\/v2\/pages"}],"about":[{"href":"https:\/\/www.fdiformacion.com\/ca\/wp-json\/wp\/v2\/types\/page"}],"author":[{"embeddable":true,"href":"https:\/\/www.fdiformacion.com\/ca\/wp-json\/wp\/v2\/users\/1"}],"replies":[{"embeddable":true,"href":"https:\/\/www.fdiformacion.com\/ca\/wp-json\/wp\/v2\/comments?post=3738"}],"version-history":[{"count":6,"href":"https:\/\/www.fdiformacion.com\/ca\/wp-json\/wp\/v2\/pages\/3738\/revisions"}],"predecessor-version":[{"id":3922,"href":"https:\/\/www.fdiformacion.com\/ca\/wp-json\/wp\/v2\/pages\/3738\/revisions\/3922"}],"wp:attachment":[{"href":"https:\/\/www.fdiformacion.com\/ca\/wp-json\/wp\/v2\/media?parent=3738"}],"curies":[{"name":"wp","href":"https:\/\/api.w.org\/{rel}","templated":true}]}}